{"id":5360,"date":"2021-04-12T19:12:58","date_gmt":"2021-04-12T17:12:58","guid":{"rendered":"https:\/\/advance-tactik.fr\/?page_id=5360"},"modified":"2021-04-12T19:12:59","modified_gmt":"2021-04-12T17:12:59","slug":"politique-de-gestion-des-cookies","status":"publish","type":"page","link":"https:\/\/advance-tactik.fr\/index.php\/politique-de-gestion-des-cookies\/","title":{"rendered":"Politique de gestion des Cookies"},"content":{"rendered":"<div class=\"wp-block-group bloc-encadre\">\n<div class=\"wp-block-group__inner-container\">\n<p><strong>La gestion des Cookies<\/strong><\/p>\n<p>Nous expliquons ce que sont les Cookies et comment nous les utilisons.<\/p>\n<p>Vous pouvez ajuster vos pr\u00e9f\u00e9rences et d\u00e9sactiver les cookies non essentiels.<\/p>\n<pre class=\"wp-block-code\"><code>[user_consent_state]<\/code><\/pre>\n<p><strong>Le r\u00f4le des cookies<\/strong><\/p>\n<p>Les cookies sont de petits fichiers textes utilis\u00e9s pour stocker temporairement de l\u2019information.<\/p>\n<p>Ils sont stock\u00e9s sur votre ordinateur ou t\u00e9l\u00e9phone au moment du chargement du site. Ils nous aident \u00e0 assurer le fonctionnement correct du site et sa s\u00e9curit\u00e9, am\u00e9liorer l\u2019exp\u00e9rience utilisateur et mesurer les performances pour comprendre ce qui fonctionne ou doit \u00eatre am\u00e9lior\u00e9.<\/p>\n<p><strong>Notre utilisation des cookies<\/strong><\/p>\n<p>Comme la majorit\u00e9 des services sur internet, notre site utilise des cookies li\u00e9s \u00e0 WordPress et \u00e0 des services tiers.<\/p>\n<p>Les cookies de WordPress assurent le fonctionnement du site et ne collectent pas de donn\u00e9es personnelles.<\/p>\n<p>Les cookies tiers sont majoritairement destin\u00e9s \u00e0 mesurer la performance et les interactions, g\u00e9rer la publicit\u00e9 en fonction de votre profil et am\u00e9liorer l\u2019exp\u00e9rience utilisateur.<\/p>\n<p><strong>Les types de cookies utilis\u00e9s<\/strong><\/p>\n<p><strong>Essentiels<\/strong> : Certains cookies sont essentiels pour que vous puissiez profiter de toutes les fonctionnalit\u00e9s de notre site. Ils g\u00e8rent les sessions utilisateurs et pr\u00e9viennent les menaces de s\u00e9curit\u00e9. Ils ne collectent aucune information personnelle. Par exemple, ils vous permettent d\u2019ajouter des produits \u00e0 votre panier et de commander en toute s\u00e9curit\u00e9.<\/p>\n<p><strong>Statistiques<\/strong> : Ils enregistrent le nombre de visiteurs du site, les pages visit\u00e9es, la source de la visite\u2026 Ces donn\u00e9es nous aident \u00e0 comprendre o\u00f9 le site doit \u00eatre am\u00e9lior\u00e9.<\/p>\n<p><strong>Marketing<\/strong> : Notre site affiche des publicit\u00e9s. Ils personnalisent les publicit\u00e9s et mesurent l\u2019efficacit\u00e9 de ces campagnes publicitaires.<\/p>\n<p>Les informations stock\u00e9es peuvent \u00e9galement \u00eatre utilis\u00e9es par les fournisseurs de publicit\u00e9 tiers pour vous montrer des annonces sur d\u2019autres sites.<\/p>\n<p><strong>Fonctionnels<\/strong> : Ils am\u00e9liorent certaines fonctionnalit\u00e9s non essentielles comme l\u2019int\u00e9gration de contenu vid\u00e9o ou le partage sur les plateformes de m\u00e9dias sociaux.<\/p>\n<p><strong>Pr\u00e9f\u00e9rences<\/strong> : Ils stockent vos param\u00e8tres et vos pr\u00e9f\u00e9rences de navigation comme les pr\u00e9f\u00e9rences linguistiques.<\/p>\n<pre class=\"wp-block-code\"><code>[cookie_audit columns=\"cookie,description\" heading=\"Les types de cookies utilis\u00e9s sur le site.\"]<\/code><\/pre>\n<p><strong>G\u00e9rer les cookies<\/strong><\/p>\n<p>Les navigateurs proposent diff\u00e9rentes m\u00e9thodes pour bloquer et supprimer les cookies utilis\u00e9s par les sites Web. Vous pouvez modifier les param\u00e8tres de votre navigateur pour bloquer ou supprimer les cookies. Pour en savoir plus sur la gestion et la suppression des cookies, visitez le site de la <a class=\"rank-math-link\" href=\"https:\/\/www.cnil.fr\/fr\/cookies-les-outils-pour-les-maitriser\" target=\"_blank\" rel=\"noreferrer noopener\" aria-label=\"CNIL pour d\u00e9couvrir le processus (opens in a new tab)\">CNIL pour d\u00e9couvrir le processus<\/a>.<\/p>\n<\/div>\n<\/div>\n","protected":false},"excerpt":{"rendered":"<p>La gestion des Cookies Nous expliquons ce que sont les Cookies et comment nous les utilisons. Vous pouvez ajuster vos pr\u00e9f\u00e9rences et d\u00e9sactiver les cookies non essentiels. [user_consent_state] Le r\u00f4le des cookies Les cookies sont de petits fichiers textes utilis\u00e9s pour stocker temporairement de l\u2019information. Ils sont stock\u00e9s sur votre ordinateur ou t\u00e9l\u00e9phone au moment [&hellip;]<\/p>\n","protected":false},"author":1,"featured_media":0,"parent":0,"menu_order":0,"comment_status":"closed","ping_status":"closed","template":"","meta":{"_monsterinsights_skip_tracking":false,"_monsterinsights_sitenote_active":false,"_monsterinsights_sitenote_note":"","_monsterinsights_sitenote_category":0,"footnotes":""},"class_list":["post-5360","page","type-page","status-publish","hentry"],"yoast_head":"<!-- This site is optimized with the Yoast SEO plugin v27.4 - https:\/\/yoast.com\/product\/yoast-seo-wordpress\/ -->\n<title>Politique de gestion des Cookies - Advance TactiK<\/title>\n<meta name=\"robots\" content=\"index, follow, max-snippet:-1, max-image-preview:large, max-video-preview:-1\" \/>\n<link rel=\"canonical\" href=\"https:\/\/advance-tactik.fr\/index.php\/politique-de-gestion-des-cookies\/\" \/>\n<meta property=\"og:locale\" content=\"fr_FR\" \/>\n<meta property=\"og:type\" content=\"article\" \/>\n<meta property=\"og:title\" content=\"Politique de gestion des Cookies - Advance TactiK\" \/>\n<meta property=\"og:description\" content=\"La gestion des Cookies Nous expliquons ce que sont les Cookies et comment nous les utilisons. Vous pouvez ajuster vos pr\u00e9f\u00e9rences et d\u00e9sactiver les cookies non essentiels. [user_consent_state] Le r\u00f4le des cookies Les cookies sont de petits fichiers textes utilis\u00e9s pour stocker temporairement de l\u2019information. Ils sont stock\u00e9s sur votre ordinateur ou t\u00e9l\u00e9phone au moment [&hellip;]\" \/>\n<meta property=\"og:url\" content=\"https:\/\/advance-tactik.fr\/index.php\/politique-de-gestion-des-cookies\/\" \/>\n<meta property=\"og:site_name\" content=\"Advance TactiK\" \/>\n<meta property=\"article:modified_time\" content=\"2021-04-12T17:12:59+00:00\" \/>\n<meta name=\"twitter:card\" content=\"summary_large_image\" \/>\n<meta name=\"twitter:label1\" content=\"Dur\u00e9e de lecture estim\u00e9e\" \/>\n\t<meta name=\"twitter:data1\" content=\"2 minutes\" \/>\n<script type=\"application\/ld+json\" class=\"yoast-schema-graph\">{\"@context\":\"https:\\\/\\\/schema.org\",\"@graph\":[{\"@type\":\"WebPage\",\"@id\":\"https:\\\/\\\/advance-tactik.fr\\\/index.php\\\/politique-de-gestion-des-cookies\\\/\",\"url\":\"https:\\\/\\\/advance-tactik.fr\\\/index.php\\\/politique-de-gestion-des-cookies\\\/\",\"name\":\"Politique de gestion des Cookies - Advance TactiK\",\"isPartOf\":{\"@id\":\"https:\\\/\\\/advance-tactik.fr\\\/#website\"},\"datePublished\":\"2021-04-12T17:12:58+00:00\",\"dateModified\":\"2021-04-12T17:12:59+00:00\",\"breadcrumb\":{\"@id\":\"https:\\\/\\\/advance-tactik.fr\\\/index.php\\\/politique-de-gestion-des-cookies\\\/#breadcrumb\"},\"inLanguage\":\"fr-FR\",\"potentialAction\":[{\"@type\":\"ReadAction\",\"target\":[\"https:\\\/\\\/advance-tactik.fr\\\/index.php\\\/politique-de-gestion-des-cookies\\\/\"]}]},{\"@type\":\"BreadcrumbList\",\"@id\":\"https:\\\/\\\/advance-tactik.fr\\\/index.php\\\/politique-de-gestion-des-cookies\\\/#breadcrumb\",\"itemListElement\":[{\"@type\":\"ListItem\",\"position\":1,\"name\":\"Accueil\",\"item\":\"https:\\\/\\\/advance-tactik.fr\\\/\"},{\"@type\":\"ListItem\",\"position\":2,\"name\":\"Politique de gestion des Cookies\"}]},{\"@type\":\"WebSite\",\"@id\":\"https:\\\/\\\/advance-tactik.fr\\\/#website\",\"url\":\"https:\\\/\\\/advance-tactik.fr\\\/\",\"name\":\"Advance Tactik\",\"description\":\"Conseils et solutions en pilotage pour TPE-PME\",\"publisher\":{\"@id\":\"https:\\\/\\\/advance-tactik.fr\\\/#organization\"},\"potentialAction\":[{\"@type\":\"SearchAction\",\"target\":{\"@type\":\"EntryPoint\",\"urlTemplate\":\"https:\\\/\\\/advance-tactik.fr\\\/?s={search_term_string}\"},\"query-input\":{\"@type\":\"PropertyValueSpecification\",\"valueRequired\":true,\"valueName\":\"search_term_string\"}}],\"inLanguage\":\"fr-FR\"},{\"@type\":\"Organization\",\"@id\":\"https:\\\/\\\/advance-tactik.fr\\\/#organization\",\"name\":\"Advance Tactik\",\"url\":\"https:\\\/\\\/advance-tactik.fr\\\/\",\"logo\":{\"@type\":\"ImageObject\",\"inLanguage\":\"fr-FR\",\"@id\":\"https:\\\/\\\/advance-tactik.fr\\\/#\\\/schema\\\/logo\\\/image\\\/\",\"url\":\"https:\\\/\\\/advance-tactik.fr\\\/wp-content\\\/uploads\\\/2018\\\/09\\\/Logo-fond-blanc-2.jpg\",\"contentUrl\":\"https:\\\/\\\/advance-tactik.fr\\\/wp-content\\\/uploads\\\/2018\\\/09\\\/Logo-fond-blanc-2.jpg\",\"width\":807,\"height\":372,\"caption\":\"Advance Tactik\"},\"image\":{\"@id\":\"https:\\\/\\\/advance-tactik.fr\\\/#\\\/schema\\\/logo\\\/image\\\/\"},\"sameAs\":[\"https:\\\/\\\/www.linkedin.com\\\/in\\\/mickael-catlas-202b428a\\\/\"]}]}<\/script>\n<!-- \/ Yoast SEO plugin. -->","yoast_head_json":{"title":"Politique de gestion des Cookies - Advance TactiK","robots":{"index":"index","follow":"follow","max-snippet":"max-snippet:-1","max-image-preview":"max-image-preview:large","max-video-preview":"max-video-preview:-1"},"canonical":"https:\/\/advance-tactik.fr\/index.php\/politique-de-gestion-des-cookies\/","og_locale":"fr_FR","og_type":"article","og_title":"Politique de gestion des Cookies - Advance TactiK","og_description":"La gestion des Cookies Nous expliquons ce que sont les Cookies et comment nous les utilisons. Vous pouvez ajuster vos pr\u00e9f\u00e9rences et d\u00e9sactiver les cookies non essentiels. [user_consent_state] Le r\u00f4le des cookies Les cookies sont de petits fichiers textes utilis\u00e9s pour stocker temporairement de l\u2019information. Ils sont stock\u00e9s sur votre ordinateur ou t\u00e9l\u00e9phone au moment [&hellip;]","og_url":"https:\/\/advance-tactik.fr\/index.php\/politique-de-gestion-des-cookies\/","og_site_name":"Advance TactiK","article_modified_time":"2021-04-12T17:12:59+00:00","twitter_card":"summary_large_image","twitter_misc":{"Dur\u00e9e de lecture estim\u00e9e":"2 minutes"},"schema":{"@context":"https:\/\/schema.org","@graph":[{"@type":"WebPage","@id":"https:\/\/advance-tactik.fr\/index.php\/politique-de-gestion-des-cookies\/","url":"https:\/\/advance-tactik.fr\/index.php\/politique-de-gestion-des-cookies\/","name":"Politique de gestion des Cookies - Advance TactiK","isPartOf":{"@id":"https:\/\/advance-tactik.fr\/#website"},"datePublished":"2021-04-12T17:12:58+00:00","dateModified":"2021-04-12T17:12:59+00:00","breadcrumb":{"@id":"https:\/\/advance-tactik.fr\/index.php\/politique-de-gestion-des-cookies\/#breadcrumb"},"inLanguage":"fr-FR","potentialAction":[{"@type":"ReadAction","target":["https:\/\/advance-tactik.fr\/index.php\/politique-de-gestion-des-cookies\/"]}]},{"@type":"BreadcrumbList","@id":"https:\/\/advance-tactik.fr\/index.php\/politique-de-gestion-des-cookies\/#breadcrumb","itemListElement":[{"@type":"ListItem","position":1,"name":"Accueil","item":"https:\/\/advance-tactik.fr\/"},{"@type":"ListItem","position":2,"name":"Politique de gestion des Cookies"}]},{"@type":"WebSite","@id":"https:\/\/advance-tactik.fr\/#website","url":"https:\/\/advance-tactik.fr\/","name":"Advance Tactik","description":"Conseils et solutions en pilotage pour TPE-PME","publisher":{"@id":"https:\/\/advance-tactik.fr\/#organization"},"potentialAction":[{"@type":"SearchAction","target":{"@type":"EntryPoint","urlTemplate":"https:\/\/advance-tactik.fr\/?s={search_term_string}"},"query-input":{"@type":"PropertyValueSpecification","valueRequired":true,"valueName":"search_term_string"}}],"inLanguage":"fr-FR"},{"@type":"Organization","@id":"https:\/\/advance-tactik.fr\/#organization","name":"Advance Tactik","url":"https:\/\/advance-tactik.fr\/","logo":{"@type":"ImageObject","inLanguage":"fr-FR","@id":"https:\/\/advance-tactik.fr\/#\/schema\/logo\/image\/","url":"https:\/\/advance-tactik.fr\/wp-content\/uploads\/2018\/09\/Logo-fond-blanc-2.jpg","contentUrl":"https:\/\/advance-tactik.fr\/wp-content\/uploads\/2018\/09\/Logo-fond-blanc-2.jpg","width":807,"height":372,"caption":"Advance Tactik"},"image":{"@id":"https:\/\/advance-tactik.fr\/#\/schema\/logo\/image\/"},"sameAs":["https:\/\/www.linkedin.com\/in\/mickael-catlas-202b428a\/"]}]}},"_links":{"self":[{"href":"https:\/\/advance-tactik.fr\/index.php\/wp-json\/wp\/v2\/pages\/5360","targetHints":{"allow":["GET"]}}],"collection":[{"href":"https:\/\/advance-tactik.fr\/index.php\/wp-json\/wp\/v2\/pages"}],"about":[{"href":"https:\/\/advance-tactik.fr\/index.php\/wp-json\/wp\/v2\/types\/page"}],"author":[{"embeddable":true,"href":"https:\/\/advance-tactik.fr\/index.php\/wp-json\/wp\/v2\/users\/1"}],"replies":[{"embeddable":true,"href":"https:\/\/advance-tactik.fr\/index.php\/wp-json\/wp\/v2\/comments?post=5360"}],"version-history":[{"count":0,"href":"https:\/\/advance-tactik.fr\/index.php\/wp-json\/wp\/v2\/pages\/5360\/revisions"}],"wp:attachment":[{"href":"https:\/\/advance-tactik.fr\/index.php\/wp-json\/wp\/v2\/media?parent=5360"}],"curies":[{"name":"wp","href":"https:\/\/api.w.org\/{rel}","templated":true}]}}